{"id":39,"date":"2023-01-16T13:14:25","date_gmt":"2023-01-16T13:14:25","guid":{"rendered":"https:\/\/stagdozagreb.com\/about-us\/"},"modified":"2026-02-24T08:52:51","modified_gmt":"2026-02-24T08:52:51","slug":"chi-siamo","status":"publish","type":"page","link":"https:\/\/stagdozagreb.com\/it\/chi-siamo\/","title":{"rendered":"Chi siamo"},"content":{"rendered":"<p>Sono entusiasta di darvi il benvenuto nel nostro mondo di esperienze indimenticabili.\u00a0<strong>Dal 2015<\/strong>Il nostro marchio \u00e8 sempre stato quello di far passare dei bei momenti a Zagabria e, credetemi, non vorrete perderveli!<\/p>\n\n\n\n<p>Zagabria \u00e8 il&nbsp;<strong>il parco giochi per eccellenza per qualsiasi gruppo di addio al celibato<\/strong>&nbsp;che vogliono fare festa, provare nuove esperienze e creare ricordi che dureranno per tutta la vita. Con la sua vibrante vita notturna, le attivit\u00e0 adrenaliniche e le esperienze culturali uniche, questa citt\u00e0 ha tutto ci\u00f2 che serve per mandare il vostro compagno a sposarsi con stile.<\/p>\n\n\n\n<p>In qualit\u00e0 di agenzia di addio al celibato con\u00a0<strong>forte presenza in<\/strong> Zagabria, il nostro obiettivo \u00e8 quello di offrire al maggior numero possibile di persone l'addio al celibato dei loro sogni, e Zagabria offre lo scenario perfetto per farlo.<\/p>\n\n\n\n<h2 class=\"wp-block-heading\">Incontra il nostro team<\/h2>\n\n\n\n<p>Il nostro team comprende\u00a0<strong>persone giovani ed energiche<\/strong>\u00a0che sanno come divertirsi e organizzare esperienze indimenticabili per gli altri. La nostra passione \u00e8 aiutare i nostri clienti a uscire dalla loro zona di comfort e a provare cose che non avrebbero mai immaginato.<\/p>\n\n\n\n<p>Noi&nbsp;<strong>curare ogni aspetto del vostro addio al celibato<\/strong>Dalla prenotazione di alloggi e attivit\u00e0 all'organizzazione dei trasferimenti, fino all'assistenza 24\/7. Potete affidarvi a noi per gestire tutta la logistica, in modo che possiate concentrarvi sul tempo della vostra vita.<\/p>\n\n\n\n<h2 class=\"wp-block-heading\">Pronti a festeggiare?<\/h2>\n\n\n\n<p>Avete sentito parlare di Zagabria e siete pronti a fare il grande passo? Bene, amico mio, \u00e8 arrivato il momento di tuffarti a capofitto in un mondo di notti selvagge e avventure epiche! Andate a&nbsp;<a href=\"https:\/\/stagdozagreb.com\/it\/\">Addio al celibato a Zagabria<\/a>&nbsp;e lasciate che vi aiutiamo a mettere insieme l'esperienza di addio al celibato migliore.<\/p>\n\n\n\n<p>Colpisci quel&nbsp;<a href=\"https:\/\/stagdozagreb.com\/it\/inchiesta\/\">pulsante di richiesta<\/a>e lasciate che vi mostriamo come trasformiamo un addio al celibato a Zagabria nella festa della vostra vita! Facciamo in modo che quando ripenserete a questa esperienza, la ricorderete come la pi\u00f9 epica celebrazione degli ultimi giorni di libert\u00e0 del vostro compagno. Alla salute!<\/p>","protected":false},"excerpt":{"rendered":"<p>Sono davvero entusiasta di darvi il benvenuto nel nostro mondo di esperienze indimenticabili. Dal 2015, il nostro marchio si propone di farvi divertire a Zagabria e, credetemi, non vorrete perdervelo! Zagabria \u00e8 il parco giochi per eccellenza per qualsiasi gruppo che voglia fare festa, provare nuove esperienze e creare ricordi che dureranno per tutta la vita. Con la sua ... <a href=\"https:\/\/stagdozagreb.com\/it\/chi-siamo\/\">Continua<\/a><\/p>","protected":false},"author":34,"featured_media":490,"parent":0,"menu_order":0,"comment_status":"open","ping_status":"open","template":"","meta":{"_acf_changed":false,"footnotes":""},"class_list":["post-39","page","type-page","status-publish","has-post-thumbnail","hentry"],"acf":{"page_subheading":"Grasp how our passionate team operates and feel our dedication to crafting unbeatable stag dos in Zagreb that you will remember eternally."},"_links":{"self":[{"href":"https:\/\/stagdozagreb.com\/it\/wp-json\/wp\/v2\/pages\/39","targetHints":{"allow":["GET"]}}],"collection":[{"href":"https:\/\/stagdozagreb.com\/it\/wp-json\/wp\/v2\/pages"}],"about":[{"href":"https:\/\/stagdozagreb.com\/it\/wp-json\/wp\/v2\/types\/page"}],"author":[{"embeddable":true,"href":"https:\/\/stagdozagreb.com\/it\/wp-json\/wp\/v2\/users\/34"}],"replies":[{"embeddable":true,"href":"https:\/\/stagdozagreb.com\/it\/wp-json\/wp\/v2\/comments?post=39"}],"version-history":[{"count":4,"href":"https:\/\/stagdozagreb.com\/it\/wp-json\/wp\/v2\/pages\/39\/revisions"}],"predecessor-version":[{"id":10277,"href":"https:\/\/stagdozagreb.com\/it\/wp-json\/wp\/v2\/pages\/39\/revisions\/10277"}],"wp:featuredmedia":[{"embeddable":true,"href":"https:\/\/stagdozagreb.com\/it\/wp-json\/wp\/v2\/media\/490"}],"wp:attachment":[{"href":"https:\/\/stagdozagreb.com\/it\/wp-json\/wp\/v2\/media?parent=39"}],"curies":[{"name":"wp","href":"https:\/\/api.w.org\/{rel}","templated":true}]}}