{"id":381,"date":"2023-05-08T11:45:22","date_gmt":"2023-05-08T11:45:22","guid":{"rendered":"https:\/\/stagdozagreb.com\/?page_id=381"},"modified":"2023-05-09T16:04:29","modified_gmt":"2023-05-09T16:04:29","slug":"su-zagabria","status":"publish","type":"page","link":"https:\/\/stagdozagreb.com\/it\/su-zagabria\/","title":{"rendered":"Informazioni su Zagabria"},"content":{"rendered":"<p>Zagabria, il <strong>capitale della Croazia<\/strong>La citt\u00e0 di Roma ha tutto: un'architettura straordinaria, una ricca storia, una cucina deliziosa e una vivace vita notturna. \u00c8 la destinazione ideale per un addio al celibato e noi siamo qui per spiegarvi perch\u00e9.<\/p>\n\n\n\n<p>Zagabria \u00e8 una citt\u00e0 con un passato affascinante e un presente rinvigorente. Dal suo centro storico medievale alle sue strade vivaci, questa affascinante citt\u00e0 offre una miscela unica di storia e modernit\u00e0, che la rende un luogo emozionante da esplorare.<\/p>\n\n\n\n<p>Uno dei punti di riferimento imperdibili di Zagabria \u00e8 la storica <strong>Chiesa di San Marco<\/strong>con il suo splendido tetto di tegole che mostra gli stemmi della Croazia e di Zagabria. Da non perdere il museo medievale <strong>Torre di Lotr\u0161\u010dak<\/strong>che offre una vista panoramica e spara un cannone ogni giorno a mezzogiorno.<\/p>\n\n\n\n<figure class=\"wp-block-image size-large\"><img loading=\"lazy\" decoding=\"async\" width=\"1024\" height=\"688\" src=\"https:\/\/stagdozagreb.com\/wp-content\/uploads\/zagreb-church-of-st-mark-1024x688.webp\" alt=\"Chiesa di San Marco a Zagabria\" class=\"wp-image-490\" srcset=\"https:\/\/stagdozagreb.com\/wp-content\/uploads\/zagreb-church-of-st-mark-1024x688.webp 1024w, https:\/\/stagdozagreb.com\/wp-content\/uploads\/zagreb-church-of-st-mark-300x201.webp 300w, https:\/\/stagdozagreb.com\/wp-content\/uploads\/zagreb-church-of-st-mark-768x516.webp 768w, https:\/\/stagdozagreb.com\/wp-content\/uploads\/zagreb-church-of-st-mark-18x12.webp 18w, https:\/\/stagdozagreb.com\/wp-content\/uploads\/zagreb-church-of-st-mark.webp 1242w\" sizes=\"auto, (max-width: 1024px) 100vw, 1024px\" \/><figcaption class=\"wp-element-caption\">Chiesa di San Marco a Zagabria<\/figcaption><\/figure>\n\n\n\n<p>L'energia di Zagabria \u00e8 contagiosa, con<strong> strade trafficate<\/strong>mercati vivaci e un costante fermento di attivit\u00e0. Che si tratti di passeggiare per le affascinanti strade della Citt\u00e0 Alta, di sorseggiare un caff\u00e8 sul marciapiede o di scoprire la citt\u00e0, la citt\u00e0 \u00e8 un'altra cosa. <strong>arte di strada<\/strong>\u00c8 difficile non farsi catturare dall'atmosfera di Zagabria.<\/p>\n\n\n\n<p>Al calar della sera, la vita notturna di Zagabria si anima, offrendo una vasta gamma di bar, club e locali musicali per ogni gusto.<\/p>\n\n\n\n<h2 class=\"wp-block-heading\">Vita notturna a Zagabria&nbsp;<\/h2>\n\n\n\n<p>La vita notturna di Zagabria \u00e8 dinamica e variegata: da club popolari come <strong>Opera Club e H20<\/strong> ai bar rilassati del <strong>Via Tkalciceva<\/strong> area. Per un'esperienza unica, visitate il <strong>Museo della sbornia<\/strong>, un bar eccentrico che combina mostre sulle esperienze di sbornia nel mondo con un'atmosfera vivace.<\/p>\n\n\n\n<p>Per chi cerca una serata pi\u00f9 rilassata, i quartieri alla moda di <strong>Kaptol e Gornji Grad <\/strong>offrono un'atmosfera boh\u00e9mien con bar e ristoranti accoglienti, perfetti per una serata rilassata con gli amici.<\/p>\n\n\n\n<h2 class=\"wp-block-heading\">Una citt\u00e0 dal divertimento infinito<\/h2>\n\n\n\n<p>Le opzioni di intrattenimento di Zagabria vanno ben oltre la vita notturna. I bellissimi parchi della citt\u00e0, come <strong>Parco Maksimir <\/strong>e Zrinjevac, offrono la possibilit\u00e0 di praticare attivit\u00e0 all'aperto come il ciclismo, il picnic e persino il paintball. La vicina <strong>Monte Medvednica<\/strong> \u00e8 perfetto per fare escursioni, andare in bicicletta e sciare durante i mesi invernali.<\/p>\n\n\n\n<figure class=\"wp-block-image size-large\"><img loading=\"lazy\" decoding=\"async\" width=\"1024\" height=\"683\" src=\"https:\/\/stagdozagreb.com\/wp-content\/uploads\/zagreb-panorama-1024x683.webp\" alt=\"Panorama di Zagabria\" class=\"wp-image-492\" srcset=\"https:\/\/stagdozagreb.com\/wp-content\/uploads\/zagreb-panorama-1024x683.webp 1024w, https:\/\/stagdozagreb.com\/wp-content\/uploads\/zagreb-panorama-300x200.webp 300w, https:\/\/stagdozagreb.com\/wp-content\/uploads\/zagreb-panorama-768x512.webp 768w, https:\/\/stagdozagreb.com\/wp-content\/uploads\/zagreb-panorama-18x12.webp 18w, https:\/\/stagdozagreb.com\/wp-content\/uploads\/zagreb-panorama.webp 1250w\" sizes=\"auto, (max-width: 1024px) 100vw, 1024px\" \/><figcaption class=\"wp-element-caption\">Zagabria<\/figcaption><\/figure>\n\n\n\n<p>Gli appassionati di sport ameranno visitare l'iconico <strong>Stadio Maksimir<\/strong>, sede del rinomato<strong> La squadra di calcio della Dinamo Zagabria<\/strong>. Assistete a una partita o fate un tour dello stadio per vivere la passione del calcio croato.<\/p>\n\n\n\n<p>Gli amanti dell'adrenalina potranno divertirsi con i kart, le escape room e i poligoni di tiro. Scoprirete subito che un fine settimana a Zagabria non \u00e8 sufficiente per scoprire tutto ci\u00f2 che offre questa affascinante citt\u00e0.<\/p>\n\n\n\n<h2 class=\"wp-block-heading\">Prenota il tuo addio al celibato a Zagabria!<\/h2>\n\n\n\n<p>Il nostro team di esperti conosce i luoghi migliori da visitare e le attivit\u00e0 pi\u00f9 importanti da fare a Zagabria, rendendo pi\u00f9 facile la creazione di un itinerario personalizzato che si adatti agli interessi e alle preferenze del vostro gruppo.<\/p>\n\n\n\n<p>Dall'organizzazione del trasporto e dell'alloggio alla prenotazione di attivit\u00e0 e prenotazioni, ci occupiamo di tutti i dettagli in modo che possiate rilassarvi e godervi il vostro soggiorno a Zagabria. Con <a href=\"https:\/\/stagdozagreb.com\/it\/\">Addio al celibato a Zagabria<\/a>Potete essere certi che il vostro addio al celibato sar\u00e0 un'esperienza indimenticabile.<\/p>\n\n\n\n<p>Lasciate che ci occupiamo noi della pianificazione, in modo che possiate concentrarvi sul divertimento con i vostri amici e sulla creazione di ricordi degli ultimi giorni di libert\u00e0 dell'addio al celibato. Compilate il nostro <a href=\"https:\/\/stagdozagreb.com\/it\/inchiesta\/\">modulo di richiesta<\/a>e vi regaleremo un weekend indimenticabile nella capitale della Croazia!<\/p>","protected":false},"excerpt":{"rendered":"<p>Zagabria, la capitale della Croazia, ha tutto: un'architettura straordinaria, una ricca storia, una cucina deliziosa e una vivace vita notturna. \u00c8 la destinazione ideale per un addio al celibato e noi siamo qui per spiegarvi perch\u00e9. Zagabria \u00e8 una citt\u00e0 con un passato affascinante e un presente rinvigorente. Dal suo centro storico medievale alla ... <a href=\"https:\/\/stagdozagreb.com\/it\/su-zagabria\/\">Continua<\/a><\/p>","protected":false},"author":34,"featured_media":492,"parent":0,"menu_order":0,"comment_status":"closed","ping_status":"closed","template":"","meta":{"_acf_changed":false,"footnotes":""},"class_list":["post-381","page","type-page","status-publish","has-post-thumbnail","hentry"],"acf":{"page_subheading":"Discover why Zagreb is the ultimate stag do destination, offering rich history, lively nightlife, and endless entertainment for every traveler."},"_links":{"self":[{"href":"https:\/\/stagdozagreb.com\/it\/wp-json\/wp\/v2\/pages\/381","targetHints":{"allow":["GET"]}}],"collection":[{"href":"https:\/\/stagdozagreb.com\/it\/wp-json\/wp\/v2\/pages"}],"about":[{"href":"https:\/\/stagdozagreb.com\/it\/wp-json\/wp\/v2\/types\/page"}],"author":[{"embeddable":true,"href":"https:\/\/stagdozagreb.com\/it\/wp-json\/wp\/v2\/users\/34"}],"replies":[{"embeddable":true,"href":"https:\/\/stagdozagreb.com\/it\/wp-json\/wp\/v2\/comments?post=381"}],"version-history":[{"count":3,"href":"https:\/\/stagdozagreb.com\/it\/wp-json\/wp\/v2\/pages\/381\/revisions"}],"predecessor-version":[{"id":627,"href":"https:\/\/stagdozagreb.com\/it\/wp-json\/wp\/v2\/pages\/381\/revisions\/627"}],"wp:featuredmedia":[{"embeddable":true,"href":"https:\/\/stagdozagreb.com\/it\/wp-json\/wp\/v2\/media\/492"}],"wp:attachment":[{"href":"https:\/\/stagdozagreb.com\/it\/wp-json\/wp\/v2\/media?parent=381"}],"curies":[{"name":"wp","href":"https:\/\/api.w.org\/{rel}","templated":true}]}}