{"id":380,"date":"2023-05-08T11:44:55","date_gmt":"2023-05-08T11:44:55","guid":{"rendered":"https:\/\/stagdozagreb.com\/?page_id=380"},"modified":"2023-05-11T11:41:58","modified_gmt":"2023-05-11T11:41:58","slug":"come-arrivare-a-zagabria","status":"publish","type":"page","link":"https:\/\/stagdozagreb.com\/it\/come-arrivare-a-zagabria\/","title":{"rendered":"Come arrivare a Zagabria"},"content":{"rendered":"<p>Zagabria, la vivace capitale della Croazia, \u00e8 una delle pi\u00f9 belle citt\u00e0 della Croazia. <strong>destinazione da visitare assolutamente<\/strong> per un addio al celibato indimenticabile. Con la sua ricca storia, la splendida architettura e l'energica vita notturna, questa citt\u00e0 offre la miscela perfetta di esperienze per un viaggio memorabile. Raggiungere Zagabria \u00e8 un gioco da ragazzi, grazie alle varie opzioni di trasporto disponibili per i viaggiatori.<\/p>\n\n\n\n<h2 class=\"wp-block-heading\">In aereo<\/h2>\n\n\n\n<p>Volare a Zagabria \u00e8 il modo pi\u00f9 popolare e veloce per raggiungere la citt\u00e0. Il <strong>Aeroporto internazionale di Zagabria (ZAG)<\/strong> \u00e8 ben collegata alle principali citt\u00e0 europee, offrendo voli diretti da Londra, Parigi, Amsterdam e molte altre. Numerose compagnie aeree operano voli per Zagabria, tra cui Croatia Airlines, Lufthansa, Ryanair e British Airways. Una volta atterrati, il centro della citt\u00e0 \u00e8 a breve distanza in taxi o in navetta.<\/p>\n\n\n\n<h2 class=\"wp-block-heading\">In autobus<\/h2>\n\n\n\n<p>Zagabria \u00e8 ben collegata in autobus con altre citt\u00e0 europee e con destinazioni all'interno della Croazia. La stazione centrale degli autobus, Autobusni Kolodvor, serve<strong> rotte internazionali e nazionali<\/strong>. Compagnie come Flixbus, Arriva e Croatia Bus operano servizi regolari, rendendo il viaggio in autobus un'opzione conveniente e comoda per raggiungere Zagabria.<\/p>\n\n\n\n<h2 class=\"wp-block-heading\">In treno<\/h2>\n\n\n\n<p>Viaggiare in treno a Zagabria \u00e8 un'opzione panoramica e rilassante, soprattutto se si proviene da Paesi vicini come Austria, Ungheria o Slovenia. La stazione ferroviaria centrale della citt\u00e0, Glavni Kolodvor, offre collegamenti con citt\u00e0 come Vienna, Budapest e Lubiana. <strong>Ferrovie croate (H\u017dPP)<\/strong> e altri operatori internazionali assicurano un viaggio agevole e divertente a Zagabria.<\/p>\n\n\n\n<h2 class=\"wp-block-heading\">In auto<\/h2>\n\n\n\n<p>Se preferite la libert\u00e0 e la flessibilit\u00e0 della guida, noleggiare un'auto e partire per la strada \u00e8 un'opzione eccellente. Zagabria \u00e8 ben collegata a <strong>autostrade principali<\/strong>che rende facile il viaggio da altri Paesi europei o da destinazioni croate vicine. Tenete presente che durante i mesi estivi le strade possono essere affollate di turisti, quindi prevedete del tempo in pi\u00f9 per il viaggio.<\/p>\n\n\n\n<h3 class=\"wp-block-heading\">Con Stag Do Zagreb vi occuperete di tutti i vostri trasporti!<\/h3>\n\n\n\n<p>Siete pronti a iniziare la vostra avventura di addio al celibato a Zagabria? Andate a <a href=\"https:\/\/stagdozagreb.com\/it\/\">Addio al celibato a Zagabria<\/a> per iniziare a pianificare la festa pi\u00f9 bella nella ricca capitale della Croazia.<\/p>","protected":false},"excerpt":{"rendered":"<p>Zagabria, la vibrante capitale della Croazia, \u00e8 una meta imperdibile per un addio al celibato indimenticabile. Con la sua ricca storia, la splendida architettura e l'energica vita notturna, questa citt\u00e0 offre il mix perfetto di esperienze per un viaggio memorabile. Raggiungere Zagabria \u00e8 un gioco da ragazzi, grazie alle diverse opzioni di trasporto disponibili per i viaggiatori. In aereo Volare a Zagabria \u00e8 ... <a href=\"https:\/\/stagdozagreb.com\/it\/come-arrivare-a-zagabria\/\">Continua<\/a><\/p>","protected":false},"author":34,"featured_media":537,"parent":0,"menu_order":0,"comment_status":"closed","ping_status":"closed","template":"","meta":{"_acf_changed":false,"footnotes":""},"class_list":["post-380","page","type-page","status-publish","has-post-thumbnail","hentry"],"acf":{"page_subheading":"Discover convenient ways to reach Zagreb for an epic stag do, with options like flights, buses, trains, and car rentals for a hassle-free journey."},"_links":{"self":[{"href":"https:\/\/stagdozagreb.com\/it\/wp-json\/wp\/v2\/pages\/380","targetHints":{"allow":["GET"]}}],"collection":[{"href":"https:\/\/stagdozagreb.com\/it\/wp-json\/wp\/v2\/pages"}],"about":[{"href":"https:\/\/stagdozagreb.com\/it\/wp-json\/wp\/v2\/types\/page"}],"author":[{"embeddable":true,"href":"https:\/\/stagdozagreb.com\/it\/wp-json\/wp\/v2\/users\/34"}],"replies":[{"embeddable":true,"href":"https:\/\/stagdozagreb.com\/it\/wp-json\/wp\/v2\/comments?post=380"}],"version-history":[{"count":2,"href":"https:\/\/stagdozagreb.com\/it\/wp-json\/wp\/v2\/pages\/380\/revisions"}],"predecessor-version":[{"id":388,"href":"https:\/\/stagdozagreb.com\/it\/wp-json\/wp\/v2\/pages\/380\/revisions\/388"}],"wp:featuredmedia":[{"embeddable":true,"href":"https:\/\/stagdozagreb.com\/it\/wp-json\/wp\/v2\/media\/537"}],"wp:attachment":[{"href":"https:\/\/stagdozagreb.com\/it\/wp-json\/wp\/v2\/media?parent=380"}],"curies":[{"name":"wp","href":"https:\/\/api.w.org\/{rel}","templated":true}]}}