{"id":39,"date":"2023-01-16T13:14:25","date_gmt":"2023-01-16T13:14:25","guid":{"rendered":"https:\/\/stagdozagreb.com\/about-us\/"},"modified":"2026-02-24T08:52:51","modified_gmt":"2026-02-24T08:52:51","slug":"uber-uns","status":"publish","type":"page","link":"https:\/\/stagdozagreb.com\/de\/uber-uns\/","title":{"rendered":"\u00dcber uns"},"content":{"rendered":"<p>Ich freue mich sehr, Sie in unserer Welt der unvergesslichen Erlebnisse begr\u00fc\u00dfen zu d\u00fcrfen.\u00a0<strong>Seit 2015<\/strong>Unser Markenzeichen ist es, in Zagreb f\u00fcr gute Stimmung zu sorgen, und glauben Sie mir, das wollen Sie nicht verpassen!<\/p>\n\n\n\n<p>Zagreb ist die&nbsp;<strong>ultimativer Spielplatz f\u00fcr jede Junggesellengruppe<\/strong>&nbsp;die gerne ausgiebig feiern, neue Erfahrungen machen und Erinnerungen schaffen wollen, die ein Leben lang halten. Mit ihrem pulsierenden Nachtleben, adrenalingeladenen Aktivit\u00e4ten und einzigartigen kulturellen Erlebnissen bietet diese Stadt alles, was Sie brauchen, um Ihren Partner stilvoll ins Eheleben zu schicken.<\/p>\n\n\n\n<p>Als etablierte Junggesellenagentur mit einem\u00a0<strong>starke Pr\u00e4senz in<\/strong> Zagreb, unser Ziel ist es, so vielen Menschen wie m\u00f6glich den Junggesellenabschied ihrer Tr\u00e4ume zu erm\u00f6glichen, und Zagreb bietet die perfekte Kulisse daf\u00fcr.<\/p>\n\n\n\n<h2 class=\"wp-block-heading\">Treffen Sie unser Team<\/h2>\n\n\n\n<p>Unser Team umfasst\u00a0<strong>junge, tatkr\u00e4ftige Menschen<\/strong>\u00a0die wissen, wie man sich am\u00fcsiert und unvergessliche Erlebnisse f\u00fcr andere organisiert. Unsere Leidenschaft ist es, unseren Kunden dabei zu helfen, ihre Komfortzone zu verlassen und Dinge auszuprobieren, die sie sich nicht einmal vorstellen k\u00f6nnen.<\/p>\n\n\n\n<p>Wir&nbsp;<strong>k\u00fcmmern sich um jeden Aspekt Ihres Junggesellenabschieds<\/strong>von der Buchung von Unterk\u00fcnften und Aktivit\u00e4ten \u00fcber die Organisation von Transfers bis hin zum 24\/7-Support. Sie k\u00f6nnen sich darauf verlassen, dass wir uns um die gesamte Logistik k\u00fcmmern, damit Sie sich darauf konzentrieren k\u00f6nnen, die Zeit Ihres Lebens zu genie\u00dfen.<\/p>\n\n\n\n<h2 class=\"wp-block-heading\">Bereit zum Feiern?<\/h2>\n\n\n\n<p>Sie haben also schon alles \u00fcber Zagreb geh\u00f6rt und sind bereit, den Sprung zu wagen? Nun, mein Freund, es ist an der Zeit, kopf\u00fcber in die Welt der wilden N\u00e4chte und epischen Abenteuer einzutauchen! Gehe r\u00fcber zu&nbsp;<a href=\"https:\/\/stagdozagreb.com\/de\/\">Junggesellenabschied Zagreb<\/a>&nbsp;und lassen Sie uns Ihnen helfen, das ultimative Junggesellenabschieds-Erlebnis zusammenzustellen.<\/p>\n\n\n\n<p>Schlag das&nbsp;<a href=\"https:\/\/stagdozagreb.com\/de\/anfrage\/\">Anfrage-Button<\/a>und lassen Sie uns Ihnen zeigen, wie wir einen Junggesellenabschied in Zagreb in die Party Ihres Lebens verwandeln! Wir werden daf\u00fcr sorgen, dass du dich im Nachhinein an dieses Erlebnis als die epischste Feier der letzten Tage deines Freundes in Freiheit erinnern wirst. Darauf sto\u00dfen wir an!<\/p>","protected":false},"excerpt":{"rendered":"<p>Ich freue mich sehr, Sie in unserer Welt der unvergesslichen Erlebnisse begr\u00fc\u00dfen zu d\u00fcrfen. Seit 2015 steht unsere Marke f\u00fcr eine gute Zeit in Zagreb, und glauben Sie mir, das wollen Sie nicht verpassen! Zagreb ist der ultimative Spielplatz f\u00fcr jede Junggesellengruppe, die gerne ausgiebig feiert, neue Erfahrungen sammelt und Erinnerungen schafft, die ein Leben lang halten. Mit seiner ... <a href=\"https:\/\/stagdozagreb.com\/de\/uber-uns\/\">Fortsetzung<\/a><\/p>","protected":false},"author":34,"featured_media":490,"parent":0,"menu_order":0,"comment_status":"open","ping_status":"open","template":"","meta":{"_acf_changed":false,"footnotes":""},"class_list":["post-39","page","type-page","status-publish","has-post-thumbnail","hentry"],"acf":{"page_subheading":"Grasp how our passionate team operates and feel our dedication to crafting unbeatable stag dos in Zagreb that you will remember eternally."},"_links":{"self":[{"href":"https:\/\/stagdozagreb.com\/de\/wp-json\/wp\/v2\/pages\/39","targetHints":{"allow":["GET"]}}],"collection":[{"href":"https:\/\/stagdozagreb.com\/de\/wp-json\/wp\/v2\/pages"}],"about":[{"href":"https:\/\/stagdozagreb.com\/de\/wp-json\/wp\/v2\/types\/page"}],"author":[{"embeddable":true,"href":"https:\/\/stagdozagreb.com\/de\/wp-json\/wp\/v2\/users\/34"}],"replies":[{"embeddable":true,"href":"https:\/\/stagdozagreb.com\/de\/wp-json\/wp\/v2\/comments?post=39"}],"version-history":[{"count":4,"href":"https:\/\/stagdozagreb.com\/de\/wp-json\/wp\/v2\/pages\/39\/revisions"}],"predecessor-version":[{"id":10277,"href":"https:\/\/stagdozagreb.com\/de\/wp-json\/wp\/v2\/pages\/39\/revisions\/10277"}],"wp:featuredmedia":[{"embeddable":true,"href":"https:\/\/stagdozagreb.com\/de\/wp-json\/wp\/v2\/media\/490"}],"wp:attachment":[{"href":"https:\/\/stagdozagreb.com\/de\/wp-json\/wp\/v2\/media?parent=39"}],"curies":[{"name":"wp","href":"https:\/\/api.w.org\/{rel}","templated":true}]}}