{"id":381,"date":"2023-05-08T11:45:22","date_gmt":"2023-05-08T11:45:22","guid":{"rendered":"https:\/\/stagdozagreb.com\/?page_id=381"},"modified":"2023-05-09T16:04:29","modified_gmt":"2023-05-09T16:04:29","slug":"uber-zagreb","status":"publish","type":"page","link":"https:\/\/stagdozagreb.com\/de\/uber-zagreb\/","title":{"rendered":"\u00dcber Zagreb"},"content":{"rendered":"<p>Zagreb, die <strong>Hauptstadt von Kroatien<\/strong>Die Stadt hat alles - atemberaubende Architektur, reiche Geschichte, k\u00f6stliche K\u00fcche und ein lebendiges Nachtleben. Es ist das ultimative Ziel f\u00fcr einen Junggesellenabschied, und wir sagen Ihnen, warum.<\/p>\n\n\n\n<p>Zagreb ist eine Stadt mit einer faszinierenden Vergangenheit und einer belebenden Gegenwart. Von der mittelalterlichen Altstadt bis zu den pulsierenden Stra\u00dfen bietet diese charmante Stadt eine einzigartige Mischung aus Geschichte und Moderne, die sie zu einem aufregenden Ort macht, den es zu entdecken gilt.<\/p>\n\n\n\n<p>Eine der wichtigsten Sehensw\u00fcrdigkeiten in Zagreb ist das historische <strong>St. Markus Kirche<\/strong>mit seinem sch\u00f6nen Ziegeldach, auf dem die Wappen Kroatiens und Zagrebs abgebildet sind. Verpassen Sie nicht das mittelalterliche <strong>Lotr\u0161\u010dak-Turm<\/strong>der einen Panoramablick bietet und t\u00e4glich mittags eine Kanone abfeuert.<\/p>\n\n\n\n<figure class=\"wp-block-image size-large\"><img loading=\"lazy\" decoding=\"async\" width=\"1024\" height=\"688\" src=\"https:\/\/stagdozagreb.com\/wp-content\/uploads\/zagreb-church-of-st-mark-1024x688.webp\" alt=\"Zagreber Kirche des Heiligen Markus\" class=\"wp-image-490\" srcset=\"https:\/\/stagdozagreb.com\/wp-content\/uploads\/zagreb-church-of-st-mark-1024x688.webp 1024w, https:\/\/stagdozagreb.com\/wp-content\/uploads\/zagreb-church-of-st-mark-300x201.webp 300w, https:\/\/stagdozagreb.com\/wp-content\/uploads\/zagreb-church-of-st-mark-768x516.webp 768w, https:\/\/stagdozagreb.com\/wp-content\/uploads\/zagreb-church-of-st-mark-18x12.webp 18w, https:\/\/stagdozagreb.com\/wp-content\/uploads\/zagreb-church-of-st-mark.webp 1242w\" sizes=\"auto, (max-width: 1024px) 100vw, 1024px\" \/><figcaption class=\"wp-element-caption\">St. Markus Kirche in Zagreb<\/figcaption><\/figure>\n\n\n\n<p>Die Energie Zagrebs ist ansteckend, mit<strong> belebte Stra\u00dfen<\/strong>, lebhafte M\u00e4rkte und ein st\u00e4ndiges gesch\u00e4ftiges Treiben. Ob Sie durch die charmanten Stra\u00dfen der Oberstadt schlendern, einen Kaffee in einem Stra\u00dfencaf\u00e9 trinken oder die Stadt entdecken <strong>Stra\u00dfenkunst<\/strong>Es ist schwer, sich der Atmosph\u00e4re Zagrebs nicht v\u00f6llig hinzugeben.<\/p>\n\n\n\n<p>Wenn die Nacht hereinbricht, erwacht das Nachtleben Zagrebs zum Leben und bietet eine gro\u00dfe Auswahl an Bars, Clubs und Musikveranstaltungen f\u00fcr jeden Geschmack.<\/p>\n\n\n\n<h2 class=\"wp-block-heading\">Nachtleben in Zagreb&nbsp;<\/h2>\n\n\n\n<p>Das Nachtleben in Zagreb ist dynamisch und vielf\u00e4ltig - von beliebten Clubs wie <strong>Opera Club und H20<\/strong> zu entspannten Bars in der <strong>Tkalciceva Stra\u00dfe<\/strong> Gebiet. Ein einzigartiges Erlebnis ist der Besuch des <strong>Museum der Kater<\/strong>eine schrullige Bar, die Ausstellungen \u00fcber die Katererfahrungen der Welt mit einer lebendigen Atmosph\u00e4re verbindet.<\/p>\n\n\n\n<p>F\u00fcr diejenigen, die einen entspannten Abend verbringen m\u00f6chten, sind die trendigen Viertel von <strong>Kaptol und Gornji Grad <\/strong>bieten eine b\u00f6hmische Atmosph\u00e4re mit gem\u00fctlichen Bars und Restaurants, die sich perfekt f\u00fcr einen entspannten Abend mit Freunden eignen.<\/p>\n\n\n\n<h2 class=\"wp-block-heading\">Eine Stadt der unbegrenzten Unterhaltung<\/h2>\n\n\n\n<p>Die Unterhaltungsm\u00f6glichkeiten in Zagreb gehen weit \u00fcber das Nachtleben hinaus. Die sch\u00f6nen Parks der Stadt, wie <strong>Maksimir-Park <\/strong>und Zrinjevac bieten M\u00f6glichkeiten f\u00fcr Outdoor-Aktivit\u00e4ten wie Radfahren, Picknicken und sogar Paintball. Das nahe gelegene <strong>Berg Medvednica<\/strong> ist ideal zum Wandern, Radfahren und Skifahren in den Wintermonaten.<\/p>\n\n\n\n<figure class=\"wp-block-image size-large\"><img loading=\"lazy\" decoding=\"async\" width=\"1024\" height=\"683\" src=\"https:\/\/stagdozagreb.com\/wp-content\/uploads\/zagreb-panorama-1024x683.webp\" alt=\"Zagreb-Panorama\" class=\"wp-image-492\" srcset=\"https:\/\/stagdozagreb.com\/wp-content\/uploads\/zagreb-panorama-1024x683.webp 1024w, https:\/\/stagdozagreb.com\/wp-content\/uploads\/zagreb-panorama-300x200.webp 300w, https:\/\/stagdozagreb.com\/wp-content\/uploads\/zagreb-panorama-768x512.webp 768w, https:\/\/stagdozagreb.com\/wp-content\/uploads\/zagreb-panorama-18x12.webp 18w, https:\/\/stagdozagreb.com\/wp-content\/uploads\/zagreb-panorama.webp 1250w\" sizes=\"auto, (max-width: 1024px) 100vw, 1024px\" \/><figcaption class=\"wp-element-caption\">Zagreb<\/figcaption><\/figure>\n\n\n\n<p>Sportfans werden den Besuch des kultigen <strong>Maksimir-Stadion<\/strong>die Heimat des ber\u00fchmten<strong> Fu\u00dfballverein Dinamo Zagreb<\/strong>. Sehen Sie sich ein Spiel an oder machen Sie eine Stadiontour, um die Leidenschaft des kroatischen Fu\u00dfballs zu erleben.<\/p>\n\n\n\n<p>F\u00fcr Adrenalinjunkies gibt es Karting, Escape Rooms und Schie\u00dfst\u00e4nde. Sie werden schnell feststellen, dass ein Wochenende in Zagreb kaum ausreicht, um alles zu erleben, was diese faszinierende Stadt zu bieten hat.<\/p>\n\n\n\n<h2 class=\"wp-block-heading\">Buchen Sie Ihren Junggesellenabschied in Zagreb!<\/h2>\n\n\n\n<p>Unser Expertenteam kennt die besten Orte und Aktivit\u00e4ten in Zagreb und macht es Ihnen leicht, eine ma\u00dfgeschneiderte Reiseroute zu erstellen, die den Interessen und Vorlieben Ihrer Gruppe entspricht.<\/p>\n\n\n\n<p>Von der Organisation von Transporten und Unterk\u00fcnften bis hin zur Buchung von Aktivit\u00e4ten und Reservierungen k\u00fcmmern wir uns um alle Details, damit Sie sich entspannen und Ihre Zeit in Zagreb genie\u00dfen k\u00f6nnen. Mit <a href=\"https:\/\/stagdozagreb.com\/de\/\">Junggesellenabschied Zagreb<\/a>k\u00f6nnen Sie darauf vertrauen, dass Ihr Junggesellenabschied zu einem unvergesslichen Erlebnis wird.<\/p>\n\n\n\n<p>\u00dcberlassen Sie uns die Planung, damit Sie sich darauf konzentrieren k\u00f6nnen, die Zeit mit Ihren Freunden zu genie\u00dfen und Erinnerungen an die letzten freien Tage des Junggesellen zu schaffen. F\u00fcllen Sie unser <a href=\"https:\/\/stagdozagreb.com\/de\/anfrage\/\">Anfrageformular<\/a>und wir sorgen f\u00fcr ein unvergessliches Wochenende in Kroatiens Hauptstadt!<\/p>","protected":false},"excerpt":{"rendered":"<p>Zagreb, die Hauptstadt Kroatiens, hat alles - atemberaubende Architektur, reiche Geschichte, k\u00f6stliche K\u00fcche und ein lebendiges Nachtleben. Sie ist das ultimative Ziel f\u00fcr einen Junggesellenabschied, und wir sagen Ihnen, warum. Zagreb ist eine Stadt mit einer faszinierenden Vergangenheit und einer belebenden Gegenwart. Von der mittelalterlichen Altstadt bis zum ... <a href=\"https:\/\/stagdozagreb.com\/de\/uber-zagreb\/\">Fortsetzung<\/a><\/p>","protected":false},"author":34,"featured_media":492,"parent":0,"menu_order":0,"comment_status":"closed","ping_status":"closed","template":"","meta":{"_acf_changed":false,"footnotes":""},"class_list":["post-381","page","type-page","status-publish","has-post-thumbnail","hentry"],"acf":{"page_subheading":"Discover why Zagreb is the ultimate stag do destination, offering rich history, lively nightlife, and endless entertainment for every traveler."},"_links":{"self":[{"href":"https:\/\/stagdozagreb.com\/de\/wp-json\/wp\/v2\/pages\/381","targetHints":{"allow":["GET"]}}],"collection":[{"href":"https:\/\/stagdozagreb.com\/de\/wp-json\/wp\/v2\/pages"}],"about":[{"href":"https:\/\/stagdozagreb.com\/de\/wp-json\/wp\/v2\/types\/page"}],"author":[{"embeddable":true,"href":"https:\/\/stagdozagreb.com\/de\/wp-json\/wp\/v2\/users\/34"}],"replies":[{"embeddable":true,"href":"https:\/\/stagdozagreb.com\/de\/wp-json\/wp\/v2\/comments?post=381"}],"version-history":[{"count":3,"href":"https:\/\/stagdozagreb.com\/de\/wp-json\/wp\/v2\/pages\/381\/revisions"}],"predecessor-version":[{"id":627,"href":"https:\/\/stagdozagreb.com\/de\/wp-json\/wp\/v2\/pages\/381\/revisions\/627"}],"wp:featuredmedia":[{"embeddable":true,"href":"https:\/\/stagdozagreb.com\/de\/wp-json\/wp\/v2\/media\/492"}],"wp:attachment":[{"href":"https:\/\/stagdozagreb.com\/de\/wp-json\/wp\/v2\/media?parent=381"}],"curies":[{"name":"wp","href":"https:\/\/api.w.org\/{rel}","templated":true}]}}