{"id":380,"date":"2023-05-08T11:44:55","date_gmt":"2023-05-08T11:44:55","guid":{"rendered":"https:\/\/stagdozagreb.com\/?page_id=380"},"modified":"2023-05-11T11:41:58","modified_gmt":"2023-05-11T11:41:58","slug":"wie-man-nach-zagreb-kommt","status":"publish","type":"page","link":"https:\/\/stagdozagreb.com\/de\/wie-man-nach-zagreb-kommt\/","title":{"rendered":"Wie man nach Zagreb kommt"},"content":{"rendered":"<p>Zagreb, die pulsierende Hauptstadt Kroatiens, ist ein <strong>unbedingtes Besuchsziel<\/strong> f\u00fcr einen unvergesslichen Junggesellenabschied. Mit ihrer reichen Geschichte, der atemberaubenden Architektur und dem lebhaften Nachtleben bietet diese Stadt die perfekte Mischung aus Erlebnissen f\u00fcr einen unvergesslichen Trip. Die Anreise nach Zagreb ist ein Kinderspiel, da den Reisenden verschiedene bequeme Transportm\u00f6glichkeiten zur Verf\u00fcgung stehen.<\/p>\n\n\n\n<h2 class=\"wp-block-heading\">Mit dem Flugzeug<\/h2>\n\n\n\n<p>Ein Flug nach Zagreb ist die beliebteste und schnellste Art, die Stadt zu erreichen. Die <strong>Internationaler Flughafen Zagreb (ZAG)<\/strong> ist gut an die gro\u00dfen europ\u00e4ischen St\u00e4dte angebunden und bietet Direktfl\u00fcge von London, Paris, Amsterdam und vielen anderen St\u00e4dten. Zahlreiche Fluggesellschaften bieten Fl\u00fcge nach Zagreb an, darunter Croatia Airlines, Lufthansa, Ryanair und British Airways. Nach der Landung ist das Stadtzentrum nur eine kurze Taxi- oder Shuttle-Fahrt entfernt.<\/p>\n\n\n\n<h2 class=\"wp-block-heading\">Mit dem Bus<\/h2>\n\n\n\n<p>Zagreb ist mit dem Bus gut an andere europ\u00e4ische St\u00e4dte und Ziele in Kroatien angebunden. Der zentrale Busbahnhof, Autobusni Kolodvor, bedient<strong> internationale und nationale Strecken<\/strong>. Unternehmen wie Flixbus, Arriva und Croatia Bus bieten regelm\u00e4\u00dfige Verbindungen an, so dass Busreisen eine erschwingliche und bequeme M\u00f6glichkeit sind, Zagreb zu erreichen.<\/p>\n\n\n\n<h2 class=\"wp-block-heading\">Mit dem Zug<\/h2>\n\n\n\n<p>Die Anreise mit dem Zug nach Zagreb ist eine landschaftlich reizvolle und entspannende Option, vor allem, wenn Sie aus Nachbarl\u00e4ndern wie \u00d6sterreich, Ungarn oder Slowenien anreisen. Der Hauptbahnhof der Stadt, Glavni Kolodvor, bietet Verbindungen zu St\u00e4dten wie Wien, Budapest und Ljubljana. <strong>Kroatische Eisenbahnen (H\u017dPP)<\/strong> und andere internationale Anbieter sorgen f\u00fcr eine reibungslose und angenehme Reise nach Zagreb.<\/p>\n\n\n\n<h2 class=\"wp-block-heading\">Mit dem Auto<\/h2>\n\n\n\n<p>Wenn Sie die Freiheit und Flexibilit\u00e4t des Autofahrens bevorzugen, ist ein Mietwagen und eine Fahrt auf offener Stra\u00dfe eine ausgezeichnete Option. Zagreb ist gut angebunden an <strong>gro\u00dfe Autobahnen<\/strong>Das macht es einfach, von anderen europ\u00e4ischen L\u00e4ndern oder nahegelegenen kroatischen Zielen zu fahren. Denken Sie daran, dass die Stra\u00dfen in den Sommermonaten von Touristen \u00fcberf\u00fcllt sein k\u00f6nnen, planen Sie also mehr Zeit f\u00fcr die Fahrt ein.<\/p>\n\n\n\n<h3 class=\"wp-block-heading\">K\u00fcmmern Sie sich um Ihren gesamten Transport mit Stag Do Zagreb!<\/h3>\n\n\n\n<p>Bist du bereit f\u00fcr dein Zagreber Junggesellenabschiedsabenteuer? Besuchen Sie <a href=\"https:\/\/stagdozagreb.com\/de\/\">Junggesellenabschied Zagreb<\/a> um mit der Planung der ultimativen Feier in Kroatiens reicher Hauptstadt zu beginnen.<\/p>","protected":false},"excerpt":{"rendered":"<p>Zagreb, die pulsierende Hauptstadt Kroatiens, ist ein Pflichtbesuch f\u00fcr einen unvergesslichen Junggesellenabschied. Mit ihrer reichen Geschichte, der atemberaubenden Architektur und dem pulsierenden Nachtleben bietet diese Stadt die perfekte Mischung aus Erlebnissen f\u00fcr einen unvergesslichen Trip. Die Anreise nach Zagreb ist ein Kinderspiel, da den Reisenden verschiedene bequeme Transportm\u00f6glichkeiten zur Verf\u00fcgung stehen. Mit dem Flugzeug Nach Zagreb zu fliegen ist ... <a href=\"https:\/\/stagdozagreb.com\/de\/wie-man-nach-zagreb-kommt\/\">Fortsetzung<\/a><\/p>","protected":false},"author":34,"featured_media":537,"parent":0,"menu_order":0,"comment_status":"closed","ping_status":"closed","template":"","meta":{"_acf_changed":false,"footnotes":""},"class_list":["post-380","page","type-page","status-publish","has-post-thumbnail","hentry"],"acf":{"page_subheading":"Discover convenient ways to reach Zagreb for an epic stag do, with options like flights, buses, trains, and car rentals for a hassle-free journey."},"_links":{"self":[{"href":"https:\/\/stagdozagreb.com\/de\/wp-json\/wp\/v2\/pages\/380","targetHints":{"allow":["GET"]}}],"collection":[{"href":"https:\/\/stagdozagreb.com\/de\/wp-json\/wp\/v2\/pages"}],"about":[{"href":"https:\/\/stagdozagreb.com\/de\/wp-json\/wp\/v2\/types\/page"}],"author":[{"embeddable":true,"href":"https:\/\/stagdozagreb.com\/de\/wp-json\/wp\/v2\/users\/34"}],"replies":[{"embeddable":true,"href":"https:\/\/stagdozagreb.com\/de\/wp-json\/wp\/v2\/comments?post=380"}],"version-history":[{"count":2,"href":"https:\/\/stagdozagreb.com\/de\/wp-json\/wp\/v2\/pages\/380\/revisions"}],"predecessor-version":[{"id":388,"href":"https:\/\/stagdozagreb.com\/de\/wp-json\/wp\/v2\/pages\/380\/revisions\/388"}],"wp:featuredmedia":[{"embeddable":true,"href":"https:\/\/stagdozagreb.com\/de\/wp-json\/wp\/v2\/media\/537"}],"wp:attachment":[{"href":"https:\/\/stagdozagreb.com\/de\/wp-json\/wp\/v2\/media?parent=380"}],"curies":[{"name":"wp","href":"https:\/\/api.w.org\/{rel}","templated":true}]}}